{"id":12,"date":"2023-12-14T14:55:39","date_gmt":"2023-12-14T14:55:39","guid":{"rendered":"http:\/\/bmc-gst.de\/?page_id=12"},"modified":"2026-03-11T06:38:46","modified_gmt":"2026-03-11T06:38:46","slug":"ueber","status":"publish","type":"page","link":"https:\/\/bmc-gst.de\/en\/ueber\/","title":{"rendered":"About"},"content":{"rendered":"<p>Gonzalo's closer relationship with movement and bodywork began as a teenager in Buenos Aires in an underground theater group that focused on developmental psychophilosophical research.<\/p>\n\n\n\n<p>During the dictatorship in the early 1980s, the members of the group reunited in London and formed a dance and theater company, where he worked as an assistant director, mainly in charge of photography, stage and prop design, cooking and massaging the troupe. He took part in classes, but performed only as a musician.<\/p>\n\n\n\n<p>Es folgten 25 Jahre, in denen Gonzalos Hingabe an Kunst und Meditation im Vordergrund stand. Seine k\u00f6rperliche Hauptarbeit war die harte Arbeit eines Handwerkers und seine Materialien Holz und Metall als Bildhauer und Goldschmied, auch in diesen Jahren praktizierte er Aikido, mystischen Tanz in Europa und im Iran studierte und &#8222;Dhrupad&#8220;, klassische Hindustani-Musik von Meister Sayeeduddin Dagar aus Rajasthan, Indien, erlernte.<\/p>\n\n\n\n<p>In 2010, Gonzalo finished his work as a sculptor and closed the large workshop with the intention of dedicating himself to movement, the \"material\" being the body.<\/p>\n\n\n\n<p>He began to practice contact improvisation and learned about BMC\u00ae, which impressed him greatly. He realized that the study and research in BMC\u00ae completed all the other experiences and teachings of the past and immersed himself in it. He has completed the SME \"Somatic Movement Educator\" Program and the subsequent \"Practitioner Program\" from the School of Body Mind Centering\u00ae.<\/p>\n\n\n\n<p>His teachers in BMC\u00ae were chronologically: Nina Wehnert, Friederike Tr\u00f6scher, Jens Johansen, Odile Seitz, Gloria Desideri, Thomas Greil, Jeanette Engler, Walburga Glatz and many others. During the pandemic he also took all of Bonnie Bainbridge Cohen's online courses.<\/p>\n\n\n\n<p>He is professional member of the BMCA (Body-Mind Centering\u00ae Association).<\/p>\n\n\n\n<p>Gonzalo still works in his goldsmith and artist workshop in Bonn, where he discusses, designs, does graphic work, teaches and cooks lunch.<\/p>\n\n\n\n<div class=\"wp-block-kenta-blocks-group kb-group-9216d18a kb-group\"><div class=\"kb-group-boxed-container kb-group-inner-container\">\n<div class=\"wp-block-kenta-blocks-paragraph kb-paragraph kb-paragraph-0ed4a23d\"><p class=\"\"><br><br><br><\/p><\/div>\n\n\n\n<figure class=\"wp-block-gallery has-nested-images columns-3 is-cropped wp-block-gallery-1 is-layout-flex wp-block-gallery-is-layout-flex\">\n<figure class=\"wp-block-image size-large\"><img loading=\"lazy\" decoding=\"async\" width=\"768\" height=\"1024\" data-id=\"166\" src=\"https:\/\/bmc-gst.de\/wp-content\/uploads\/2023\/12\/3e6c4e77-a832-4ca3-a92c-e141b1541681-768x1024.jpg\" alt=\"Foto: Leben Nuova\" class=\"wp-image-166\" srcset=\"\" sizes=\"auto, (max-width: 768px) 100vw, 768px\" data-srcset=\"\" \/><\/figure>\n\n\n\n<figure class=\"wp-block-image size-large\"><img loading=\"lazy\" decoding=\"async\" width=\"1024\" height=\"683\" data-id=\"170\" src=\"https:\/\/bmc-gst.de\/wp-content\/uploads\/2023\/12\/Credit-Patrick-Beelaert-1-1-scaled.jpg\" alt=\"Foto: Patrick Beelaert\" class=\"wp-image-170\" srcset=\"https:\/\/bmc-gst.de\/wp-content\/uploads\/2023\/12\/Credit-Patrick-Beelaert-1-1-scaled.jpg 2560w, https:\/\/bmc-gst.de\/wp-content\/uploads\/2023\/12\/Credit-Patrick-Beelaert-1-1-300x200.jpg 300w, https:\/\/bmc-gst.de\/wp-content\/uploads\/2023\/12\/Credit-Patrick-Beelaert-1-1-1024x683.jpg 1024w, https:\/\/bmc-gst.de\/wp-content\/uploads\/2023\/12\/Credit-Patrick-Beelaert-1-1-768x512.jpg 768w, https:\/\/bmc-gst.de\/wp-content\/uploads\/2023\/12\/Credit-Patrick-Beelaert-1-1-1536x1024.jpg 1536w, https:\/\/bmc-gst.de\/wp-content\/uploads\/2023\/12\/Credit-Patrick-Beelaert-1-1-2048x1365.jpg 2048w\" sizes=\"auto, (max-width: 1024px) 100vw, 1024px\" \/><\/figure>\n\n\n\n<figure class=\"wp-block-image size-large\"><img loading=\"lazy\" decoding=\"async\" width=\"1024\" height=\"683\" data-id=\"167\" src=\"https:\/\/bmc-gst.de\/wp-content\/uploads\/2023\/12\/WhatsApp-Image-2023-12-27-at-18.05.56-2.jpeg\" alt=\"Foto: Patrick Beelaert\" class=\"wp-image-167\" srcset=\"https:\/\/bmc-gst.de\/wp-content\/uploads\/2023\/12\/WhatsApp-Image-2023-12-27-at-18.05.56-2.jpeg 1086w, https:\/\/bmc-gst.de\/wp-content\/uploads\/2023\/12\/WhatsApp-Image-2023-12-27-at-18.05.56-2-300x200.jpeg 300w, https:\/\/bmc-gst.de\/wp-content\/uploads\/2023\/12\/WhatsApp-Image-2023-12-27-at-18.05.56-2-1024x683.jpeg 1024w, https:\/\/bmc-gst.de\/wp-content\/uploads\/2023\/12\/WhatsApp-Image-2023-12-27-at-18.05.56-2-768x512.jpeg 768w\" sizes=\"auto, (max-width: 1024px) 100vw, 1024px\" \/><\/figure>\n\n\n\n<figure class=\"wp-block-image size-large\"><img loading=\"lazy\" decoding=\"async\" width=\"1024\" height=\"683\" data-id=\"152\" src=\"https:\/\/bmc-gst.de\/wp-content\/uploads\/2023\/12\/WhatsApp-Image-2023-12-27-at-18.05.56-2-1024x683.jpeg\" alt=\"Foto: Patrick Beelaert\" class=\"wp-image-152\" srcset=\"https:\/\/bmc-gst.de\/wp-content\/uploads\/2023\/12\/WhatsApp-Image-2023-12-27-at-18.05.56-2-1024x683.jpeg 1024w, https:\/\/bmc-gst.de\/wp-content\/uploads\/2023\/12\/WhatsApp-Image-2023-12-27-at-18.05.56-2-300x200.jpeg 300w, https:\/\/bmc-gst.de\/wp-content\/uploads\/2023\/12\/WhatsApp-Image-2023-12-27-at-18.05.56-2-768x512.jpeg 768w, https:\/\/bmc-gst.de\/wp-content\/uploads\/2023\/12\/WhatsApp-Image-2023-12-27-at-18.05.56-2.jpeg 1086w\" sizes=\"auto, (max-width: 1024px) 100vw, 1024px\" \/><\/figure>\n\n\n\n<figure class=\"wp-block-image size-large\"><img loading=\"lazy\" decoding=\"async\" width=\"435\" height=\"1024\" data-id=\"176\" src=\"https:\/\/bmc-gst.de\/wp-content\/uploads\/2023\/12\/H5av6oWS-1.jpeg\" alt=\"\" class=\"wp-image-176\" srcset=\"https:\/\/bmc-gst.de\/wp-content\/uploads\/2023\/12\/H5av6oWS-1.jpeg 749w, https:\/\/bmc-gst.de\/wp-content\/uploads\/2023\/12\/H5av6oWS-1-127x300.jpeg 127w, https:\/\/bmc-gst.de\/wp-content\/uploads\/2023\/12\/H5av6oWS-1-435x1024.jpeg 435w, https:\/\/bmc-gst.de\/wp-content\/uploads\/2023\/12\/H5av6oWS-1-653x1536.jpeg 653w\" sizes=\"auto, (max-width: 435px) 100vw, 435px\" \/><\/figure>\n<\/figure>\n<\/div><\/div>","protected":false},"excerpt":{"rendered":"<p>Gonzalos engere Beziehung zu Bewegung und K\u00f6rperarbeit begann als Jugendlicher in Buenos Aires in einer Untergrundtheatergruppe, deren Schwerpunkt auf entwicklungspsychophilosophischer Forschung lag. W\u00e4hrend der Diktatur Anfang der 1980er Jahren kamen die Mitglieder der Gruppe in London wieder zusammen und gr\u00fcndeten eine Tanz- und Theaterkompanie, in der er als Regieassistent haupts\u00e4chlich f\u00fcr Fotografie, B\u00fchnen- und Requisitendesign, [&hellip;]<\/p>\n","protected":false},"author":2,"featured_media":247,"parent":0,"menu_order":0,"comment_status":"closed","ping_status":"closed","template":"","meta":{"site-container-style":"default","site-container-layout":"default","site-sidebar-layout":"default","site-transparent-header":"default","disable-article-header":"default","disable-site-header":"default","disable-site-footer":"default","disable-content-area-spacing":"default","footnotes":""},"class_list":["post-12","page","type-page","status-publish","has-post-thumbnail","hentry"],"_links":{"self":[{"href":"https:\/\/bmc-gst.de\/en\/wp-json\/wp\/v2\/pages\/12","targetHints":{"allow":["GET"]}}],"collection":[{"href":"https:\/\/bmc-gst.de\/en\/wp-json\/wp\/v2\/pages"}],"about":[{"href":"https:\/\/bmc-gst.de\/en\/wp-json\/wp\/v2\/types\/page"}],"author":[{"embeddable":true,"href":"https:\/\/bmc-gst.de\/en\/wp-json\/wp\/v2\/users\/2"}],"replies":[{"embeddable":true,"href":"https:\/\/bmc-gst.de\/en\/wp-json\/wp\/v2\/comments?post=12"}],"version-history":[{"count":3,"href":"https:\/\/bmc-gst.de\/en\/wp-json\/wp\/v2\/pages\/12\/revisions"}],"predecessor-version":[{"id":739,"href":"https:\/\/bmc-gst.de\/en\/wp-json\/wp\/v2\/pages\/12\/revisions\/739"}],"wp:featuredmedia":[{"embeddable":true,"href":"https:\/\/bmc-gst.de\/en\/wp-json\/wp\/v2\/media\/247"}],"wp:attachment":[{"href":"https:\/\/bmc-gst.de\/en\/wp-json\/wp\/v2\/media?parent=12"}],"curies":[{"name":"wp","href":"https:\/\/api.w.org\/{rel}","templated":true}]}}